{"id":2,"date":"2011-02-02T09:17:38","date_gmt":"2011-02-02T09:17:38","guid":{"rendered":"http:\/\/www.apartamentosetxeberria.es\/wordpress\/?page_id=2"},"modified":"2022-06-16T11:24:16","modified_gmt":"2022-06-16T09:24:16","slug":"donde-estamos","status":"publish","type":"page","link":"https:\/\/www.apartamentosetxeberria.es\/eus\/donde-estamos\/","title":{"rendered":"Kokapena"},"content":{"rendered":"<div style=\"height:31px\" aria-hidden=\"true\" class=\"wp-block-spacer\"><\/div>\n\n\n<div class=\"su-gmap su-u-responsive-media-yes\"><iframe loading=\"lazy\" width=\"600\" height=\"200\" src=\"\/\/maps.google.com\/maps?q=Calle%20San%20Mart%C3%ADn%2C%2026%2C%2031797%20Iraizotz%2C%20Navarra&amp;output=embed&amp;z=9\" title=\"\"><\/iframe><\/div>\n\n\n\n<div class=\"wp-block-columns is-layout-flex wp-container-core-columns-is-layout-9d6595d7 wp-block-columns-is-layout-flex\">\n<div class=\"wp-block-column is-layout-flow wp-block-column-is-layout-flow\">\n<p>Gure apartamentuak 1800. urteko baserri handi batean daude kokatuak. Erabat eraberrituta, erosotasun guztiekin hornituta, tradizioa eta modernotasuna uztartuta, landetxe eroso eta goxo bat osatuz.&nbsp;<\/p>\n\n\n\n<p>Iraizotz Nafarroako iparraldean, Ultzama bailaran, kokatzen den herri polit bat da, 250 biztanle inguru dituena. Iru\u00f1etik 25 bat kilometrora aurkitzen da.&nbsp;<\/p>\n<\/div>\n\n\n\n<div class=\"wp-block-column is-layout-flow wp-block-column-is-layout-flow\">\n<p><strong>San Mart\u00edn 26 kalea. 31797. Iraizotz, Ultzama (Nafarroa).<\/strong><\/p>\n\n\n\n<ul class=\"wp-block-list\"><li>Iru\u00f1ea: 25 km-ra, 20 bat minutu.<\/li><li>Donostia: 50 minutu.<\/li><li>Gasteiz: ordu 1.<\/li><\/ul>\n<\/div>\n<\/div>\n\n\n\n<p><\/p>","protected":false},"excerpt":{"rendered":"<p>Nuestros apartamentos est\u00e1n ubicados en un gran caser\u00f3n del a\u00f1o 1800 totalmente reformado y equipado con todo tipo de comodidades, uniendo tradici\u00f3n y modernidad, para lograr un alojamiento rural, confortable y acogedor.&nbsp; Iraizotz es un bonito pueblo navarro de unos 250 habitantes en el Valle de Ultzama, a unos 25 km de Pamplona.&nbsp; C\/ San&hellip;&nbsp;<a href=\"https:\/\/www.apartamentosetxeberria.es\/eus\/donde-estamos\/\" class=\"\" rel=\"bookmark\">Read More &raquo;<span class=\"screen-reader-text\">Kokapena<\/span><\/a><\/p>","protected":false},"author":1,"featured_media":0,"parent":0,"menu_order":0,"comment_status":"closed","ping_status":"closed","template":"","meta":{"neve_meta_sidebar":"","neve_meta_container":"","neve_meta_enable_content_width":"","neve_meta_content_width":0,"neve_meta_title_alignment":"left","neve_meta_author_avatar":"","neve_post_elements_order":"","neve_meta_disable_header":"","neve_meta_disable_footer":"","neve_meta_disable_title":"on","footnotes":"","_links_to":"","_links_to_target":""},"class_list":["post-2","page","type-page","status-publish","hentry"],"yoast_head":"<!-- This site is optimized with the Yoast SEO plugin v27.4 - https:\/\/yoast.com\/product\/yoast-seo-wordpress\/ -->\n<title>Ubicaci\u00f3n - Apartamentos Etxeberria<\/title>\n<meta name=\"robots\" content=\"index, follow, max-snippet:-1, max-image-preview:large, max-video-preview:-1\" \/>\n<link rel=\"canonical\" href=\"https:\/\/www.apartamentosetxeberria.es\/eus\/donde-estamos\/\" \/>\n<meta property=\"og:locale\" content=\"en_US\" \/>\n<meta property=\"og:type\" content=\"article\" \/>\n<meta property=\"og:title\" content=\"Ubicaci\u00f3n - Apartamentos Etxeberria\" \/>\n<meta property=\"og:description\" content=\"Nuestros apartamentos est\u00e1n ubicados en un gran caser\u00f3n del a\u00f1o 1800 totalmente reformado y equipado con todo tipo de comodidades, uniendo tradici\u00f3n y modernidad, para lograr un alojamiento rural, confortable y acogedor.&nbsp; Iraizotz es un bonito pueblo navarro de unos 250 habitantes en el Valle de Ultzama, a unos 25 km de Pamplona.&nbsp; C\/ San&hellip;&nbsp;Read More &raquo;Ubicaci\u00f3n\" \/>\n<meta property=\"og:url\" content=\"https:\/\/www.apartamentosetxeberria.es\/eus\/donde-estamos\/\" \/>\n<meta property=\"og:site_name\" content=\"Apartamentos Etxeberria\" \/>\n<meta property=\"article:modified_time\" content=\"2022-06-16T09:24:16+00:00\" \/>\n<meta name=\"twitter:card\" content=\"summary_large_image\" \/>\n<meta name=\"twitter:label1\" content=\"Est. reading time\" \/>\n\t<meta name=\"twitter:data1\" content=\"1 minutua\" \/>\n<script type=\"application\/ld+json\" class=\"yoast-schema-graph\">{\"@context\":\"https:\\\/\\\/schema.org\",\"@graph\":[{\"@type\":\"WebPage\",\"@id\":\"https:\\\/\\\/www.apartamentosetxeberria.es\\\/donde-estamos\\\/\",\"url\":\"https:\\\/\\\/www.apartamentosetxeberria.es\\\/donde-estamos\\\/\",\"name\":\"Ubicaci\u00f3n - Apartamentos Etxeberria\",\"isPartOf\":{\"@id\":\"https:\\\/\\\/www.apartamentosetxeberria.es\\\/#website\"},\"datePublished\":\"2011-02-02T09:17:38+00:00\",\"dateModified\":\"2022-06-16T09:24:16+00:00\",\"breadcrumb\":{\"@id\":\"https:\\\/\\\/www.apartamentosetxeberria.es\\\/donde-estamos\\\/#breadcrumb\"},\"inLanguage\":\"eu\",\"potentialAction\":[{\"@type\":\"ReadAction\",\"target\":[\"https:\\\/\\\/www.apartamentosetxeberria.es\\\/donde-estamos\\\/\"]}]},{\"@type\":\"BreadcrumbList\",\"@id\":\"https:\\\/\\\/www.apartamentosetxeberria.es\\\/donde-estamos\\\/#breadcrumb\",\"itemListElement\":[{\"@type\":\"ListItem\",\"position\":1,\"name\":\"Portada\",\"item\":\"https:\\\/\\\/www.apartamentosetxeberria.es\\\/\"},{\"@type\":\"ListItem\",\"position\":2,\"name\":\"Ubicaci\u00f3n\"}]},{\"@type\":\"WebSite\",\"@id\":\"https:\\\/\\\/www.apartamentosetxeberria.es\\\/#website\",\"url\":\"https:\\\/\\\/www.apartamentosetxeberria.es\\\/\",\"name\":\"Apartamentos Etxeberria\",\"description\":\"Alojamiento Rural \",\"publisher\":{\"@id\":\"https:\\\/\\\/www.apartamentosetxeberria.es\\\/#organization\"},\"potentialAction\":[{\"@type\":\"SearchAction\",\"target\":{\"@type\":\"EntryPoint\",\"urlTemplate\":\"https:\\\/\\\/www.apartamentosetxeberria.es\\\/?s={search_term_string}\"},\"query-input\":{\"@type\":\"PropertyValueSpecification\",\"valueRequired\":true,\"valueName\":\"search_term_string\"}}],\"inLanguage\":\"eu\"},{\"@type\":\"Organization\",\"@id\":\"https:\\\/\\\/www.apartamentosetxeberria.es\\\/#organization\",\"name\":\"Apartamentos Etxeberria\",\"url\":\"https:\\\/\\\/www.apartamentosetxeberria.es\\\/\",\"logo\":{\"@type\":\"ImageObject\",\"inLanguage\":\"eu\",\"@id\":\"https:\\\/\\\/www.apartamentosetxeberria.es\\\/#\\\/schema\\\/logo\\\/image\\\/\",\"url\":\"https:\\\/\\\/www.apartamentosetxeberria.es\\\/wp-content\\\/uploads\\\/2021\\\/10\\\/cropped-Recurso-1.png\",\"contentUrl\":\"https:\\\/\\\/www.apartamentosetxeberria.es\\\/wp-content\\\/uploads\\\/2021\\\/10\\\/cropped-Recurso-1.png\",\"width\":237,\"height\":139,\"caption\":\"Apartamentos Etxeberria\"},\"image\":{\"@id\":\"https:\\\/\\\/www.apartamentosetxeberria.es\\\/#\\\/schema\\\/logo\\\/image\\\/\"}}]}<\/script>\n<!-- \/ Yoast SEO plugin. -->","yoast_head_json":{"title":"Ubicaci\u00f3n - Apartamentos Etxeberria","robots":{"index":"index","follow":"follow","max-snippet":"max-snippet:-1","max-image-preview":"max-image-preview:large","max-video-preview":"max-video-preview:-1"},"canonical":"https:\/\/www.apartamentosetxeberria.es\/eus\/donde-estamos\/","og_locale":"en_US","og_type":"article","og_title":"Ubicaci\u00f3n - Apartamentos Etxeberria","og_description":"Nuestros apartamentos est\u00e1n ubicados en un gran caser\u00f3n del a\u00f1o 1800 totalmente reformado y equipado con todo tipo de comodidades, uniendo tradici\u00f3n y modernidad, para lograr un alojamiento rural, confortable y acogedor.&nbsp; Iraizotz es un bonito pueblo navarro de unos 250 habitantes en el Valle de Ultzama, a unos 25 km de Pamplona.&nbsp; C\/ San&hellip;&nbsp;Read More &raquo;Ubicaci\u00f3n","og_url":"https:\/\/www.apartamentosetxeberria.es\/eus\/donde-estamos\/","og_site_name":"Apartamentos Etxeberria","article_modified_time":"2022-06-16T09:24:16+00:00","twitter_card":"summary_large_image","twitter_misc":{"Est. reading time":"1 minutua"},"schema":{"@context":"https:\/\/schema.org","@graph":[{"@type":"WebPage","@id":"https:\/\/www.apartamentosetxeberria.es\/donde-estamos\/","url":"https:\/\/www.apartamentosetxeberria.es\/donde-estamos\/","name":"Ubicaci\u00f3n - Apartamentos Etxeberria","isPartOf":{"@id":"https:\/\/www.apartamentosetxeberria.es\/#website"},"datePublished":"2011-02-02T09:17:38+00:00","dateModified":"2022-06-16T09:24:16+00:00","breadcrumb":{"@id":"https:\/\/www.apartamentosetxeberria.es\/donde-estamos\/#breadcrumb"},"inLanguage":"eu","potentialAction":[{"@type":"ReadAction","target":["https:\/\/www.apartamentosetxeberria.es\/donde-estamos\/"]}]},{"@type":"BreadcrumbList","@id":"https:\/\/www.apartamentosetxeberria.es\/donde-estamos\/#breadcrumb","itemListElement":[{"@type":"ListItem","position":1,"name":"Portada","item":"https:\/\/www.apartamentosetxeberria.es\/"},{"@type":"ListItem","position":2,"name":"Ubicaci\u00f3n"}]},{"@type":"WebSite","@id":"https:\/\/www.apartamentosetxeberria.es\/#website","url":"https:\/\/www.apartamentosetxeberria.es\/","name":"Apartamentos Etxeberria","description":"Alojamiento Rural","publisher":{"@id":"https:\/\/www.apartamentosetxeberria.es\/#organization"},"potentialAction":[{"@type":"SearchAction","target":{"@type":"EntryPoint","urlTemplate":"https:\/\/www.apartamentosetxeberria.es\/?s={search_term_string}"},"query-input":{"@type":"PropertyValueSpecification","valueRequired":true,"valueName":"search_term_string"}}],"inLanguage":"eu"},{"@type":"Organization","@id":"https:\/\/www.apartamentosetxeberria.es\/#organization","name":"Apartamentos Etxeberria","url":"https:\/\/www.apartamentosetxeberria.es\/","logo":{"@type":"ImageObject","inLanguage":"eu","@id":"https:\/\/www.apartamentosetxeberria.es\/#\/schema\/logo\/image\/","url":"https:\/\/www.apartamentosetxeberria.es\/wp-content\/uploads\/2021\/10\/cropped-Recurso-1.png","contentUrl":"https:\/\/www.apartamentosetxeberria.es\/wp-content\/uploads\/2021\/10\/cropped-Recurso-1.png","width":237,"height":139,"caption":"Apartamentos Etxeberria"},"image":{"@id":"https:\/\/www.apartamentosetxeberria.es\/#\/schema\/logo\/image\/"}}]}},"_links":{"self":[{"href":"https:\/\/www.apartamentosetxeberria.es\/eus\/wp-json\/wp\/v2\/pages\/2","targetHints":{"allow":["GET"]}}],"collection":[{"href":"https:\/\/www.apartamentosetxeberria.es\/eus\/wp-json\/wp\/v2\/pages"}],"about":[{"href":"https:\/\/www.apartamentosetxeberria.es\/eus\/wp-json\/wp\/v2\/types\/page"}],"author":[{"embeddable":true,"href":"https:\/\/www.apartamentosetxeberria.es\/eus\/wp-json\/wp\/v2\/users\/1"}],"replies":[{"embeddable":true,"href":"https:\/\/www.apartamentosetxeberria.es\/eus\/wp-json\/wp\/v2\/comments?post=2"}],"version-history":[{"count":64,"href":"https:\/\/www.apartamentosetxeberria.es\/eus\/wp-json\/wp\/v2\/pages\/2\/revisions"}],"predecessor-version":[{"id":2078,"href":"https:\/\/www.apartamentosetxeberria.es\/eus\/wp-json\/wp\/v2\/pages\/2\/revisions\/2078"}],"wp:attachment":[{"href":"https:\/\/www.apartamentosetxeberria.es\/eus\/wp-json\/wp\/v2\/media?parent=2"}],"curies":[{"name":"wp","href":"https:\/\/api.w.org\/{rel}","templated":true}]}}