{"id":1815,"date":"2021-10-28T09:40:04","date_gmt":"2021-10-28T07:40:04","guid":{"rendered":"https:\/\/www.apartamentosetxeberria.es\/?page_id=1815"},"modified":"2021-12-29T11:07:07","modified_gmt":"2021-12-29T10:07:07","slug":"bienvenidos-a-los-apartamentos-turisticos-rurales-etxeberria","status":"publish","type":"page","link":"https:\/\/www.apartamentosetxeberria.es\/eus\/","title":{"rendered":"inicio"},"content":{"rendered":"<div style=\"height:40px\" aria-hidden=\"true\" class=\"wp-block-spacer\"><\/div>\n\n\n\n<div class=\"wp-block-columns is-layout-flex wp-container-core-columns-is-layout-9d6595d7 wp-block-columns-is-layout-flex\">\n<div class=\"wp-block-column is-layout-flow wp-block-column-is-layout-flow\">\n<h2 class=\"wp-block-heading\">Ongi Etorriak Etxeberria Apartamentuetara<\/h2>\n<\/div>\n\n\n\n<div class=\"wp-block-column is-layout-flow wp-block-column-is-layout-flow\">\n<p class=\"has-normal-font-size\">Gure apartamentuak 1800eko baserri handi batean daude kokaturik, erabat eraberrituta eta era guztietako erosotasunez hornituta, tradizioa eta modernitatea uztartuta, landetxe eroso eta goxoa izan dadin. Apartamentuak Iraizotz herrian daude, Ultzamako bailaran.<\/p>\n<\/div>\n\n\n\n<div class=\"wp-block-column is-layout-flow wp-block-column-is-layout-flow\">\n<p class=\"has-normal-font-size\">Ultzama harana mendi-ibiliak egiteko, milaka urteko basoan galtzeko, haritzen artean golfean jolasteko, zaldi gainean ibiltzeko edo mami tipiko bat dastatzeko lekua da. Zelai berdeez osatutako haran idilikoa da, haritz eta pagoz inguratua, estetika zaindutako herri txikiz zipriztindua.<\/p>\n<\/div>\n<\/div>\n\n\n\n<figure class=\"wp-block-video alignwide\"><video height=\"864\" style=\"aspect-ratio: 1920 \/ 864;\" width=\"1920\" autoplay controls loop src=\"https:\/\/www.apartamentosetxeberria.es\/wp-content\/uploads\/2021\/11\/AP_Etxeberria_web_.mp4\" playsinline><\/video><\/figure>","protected":false},"excerpt":{"rendered":"<p>Bienvenidos a Apartamentos Etxeberria Nuestros apartamentos est\u00e1n ubicados en un gran caser\u00f3n del a\u00f1o 1800 totalmente reformado y equipado con todo tipo de comodidades, uniendo tradici\u00f3n y modernidad, para lograr un alojamiento rural, confortable y acogedor.&nbsp;Los apartamentos est\u00e1n situados en el pueblo de Iraizotz, perteneciente al Valle de Ulzama. El Valle de Ultzama es un&hellip;&nbsp;<a href=\"https:\/\/www.apartamentosetxeberria.es\/eus\/\" class=\"\" rel=\"bookmark\">Read More &raquo;<span class=\"screen-reader-text\">inicio<\/span><\/a><\/p>","protected":false},"author":1,"featured_media":0,"parent":0,"menu_order":0,"comment_status":"closed","ping_status":"open","template":"","meta":{"neve_meta_sidebar":"full-width","neve_meta_container":"default","neve_meta_enable_content_width":"","neve_meta_content_width":0,"neve_meta_title_alignment":"center","neve_meta_author_avatar":"","neve_post_elements_order":"","neve_meta_disable_header":"off","neve_meta_disable_footer":"off","neve_meta_disable_title":"on","footnotes":"","_links_to":"","_links_to_target":""},"class_list":["post-1815","page","type-page","status-publish","hentry"],"yoast_head":"<!-- This site is optimized with the Yoast SEO plugin v27.4 - https:\/\/yoast.com\/product\/yoast-seo-wordpress\/ -->\n<title>inicio - Apartamentos Etxeberria<\/title>\n<meta name=\"robots\" content=\"index, follow, max-snippet:-1, max-image-preview:large, max-video-preview:-1\" \/>\n<link rel=\"canonical\" href=\"https:\/\/www.apartamentosetxeberria.es\/eus\/\" \/>\n<meta property=\"og:locale\" content=\"en_US\" \/>\n<meta property=\"og:type\" content=\"article\" \/>\n<meta property=\"og:title\" content=\"inicio - Apartamentos Etxeberria\" \/>\n<meta property=\"og:description\" content=\"Bienvenidos a Apartamentos Etxeberria Nuestros apartamentos est\u00e1n ubicados en un gran caser\u00f3n del a\u00f1o 1800 totalmente reformado y equipado con todo tipo de comodidades, uniendo tradici\u00f3n y modernidad, para lograr un alojamiento rural, confortable y acogedor.&nbsp;Los apartamentos est\u00e1n situados en el pueblo de Iraizotz, perteneciente al Valle de Ulzama. El Valle de Ultzama es un&hellip;&nbsp;Read More &raquo;inicio\" \/>\n<meta property=\"og:url\" content=\"https:\/\/www.apartamentosetxeberria.es\/eus\/\" \/>\n<meta property=\"og:site_name\" content=\"Apartamentos Etxeberria\" \/>\n<meta property=\"article:modified_time\" content=\"2021-12-29T10:07:07+00:00\" \/>\n<meta name=\"twitter:card\" content=\"summary_large_image\" \/>\n<meta name=\"twitter:label1\" content=\"Est. reading time\" \/>\n\t<meta name=\"twitter:data1\" content=\"1 minutua\" \/>\n<script type=\"application\/ld+json\" class=\"yoast-schema-graph\">{\"@context\":\"https:\\\/\\\/schema.org\",\"@graph\":[{\"@type\":\"WebPage\",\"@id\":\"https:\\\/\\\/www.apartamentosetxeberria.es\\\/\",\"url\":\"https:\\\/\\\/www.apartamentosetxeberria.es\\\/\",\"name\":\"inicio - Apartamentos Etxeberria\",\"isPartOf\":{\"@id\":\"https:\\\/\\\/www.apartamentosetxeberria.es\\\/#website\"},\"datePublished\":\"2021-10-28T07:40:04+00:00\",\"dateModified\":\"2021-12-29T10:07:07+00:00\",\"breadcrumb\":{\"@id\":\"https:\\\/\\\/www.apartamentosetxeberria.es\\\/#breadcrumb\"},\"inLanguage\":\"eu\",\"potentialAction\":[{\"@type\":\"ReadAction\",\"target\":[\"https:\\\/\\\/www.apartamentosetxeberria.es\\\/\"]}]},{\"@type\":\"BreadcrumbList\",\"@id\":\"https:\\\/\\\/www.apartamentosetxeberria.es\\\/#breadcrumb\",\"itemListElement\":[{\"@type\":\"ListItem\",\"position\":1,\"name\":\"Portada\",\"item\":\"https:\\\/\\\/www.apartamentosetxeberria.es\\\/\"},{\"@type\":\"ListItem\",\"position\":2,\"name\":\"inicio\"}]},{\"@type\":\"WebSite\",\"@id\":\"https:\\\/\\\/www.apartamentosetxeberria.es\\\/#website\",\"url\":\"https:\\\/\\\/www.apartamentosetxeberria.es\\\/\",\"name\":\"Apartamentos Etxeberria\",\"description\":\"Alojamiento Rural \",\"publisher\":{\"@id\":\"https:\\\/\\\/www.apartamentosetxeberria.es\\\/#organization\"},\"potentialAction\":[{\"@type\":\"SearchAction\",\"target\":{\"@type\":\"EntryPoint\",\"urlTemplate\":\"https:\\\/\\\/www.apartamentosetxeberria.es\\\/?s={search_term_string}\"},\"query-input\":{\"@type\":\"PropertyValueSpecification\",\"valueRequired\":true,\"valueName\":\"search_term_string\"}}],\"inLanguage\":\"eu\"},{\"@type\":\"Organization\",\"@id\":\"https:\\\/\\\/www.apartamentosetxeberria.es\\\/#organization\",\"name\":\"Apartamentos Etxeberria\",\"url\":\"https:\\\/\\\/www.apartamentosetxeberria.es\\\/\",\"logo\":{\"@type\":\"ImageObject\",\"inLanguage\":\"eu\",\"@id\":\"https:\\\/\\\/www.apartamentosetxeberria.es\\\/#\\\/schema\\\/logo\\\/image\\\/\",\"url\":\"https:\\\/\\\/www.apartamentosetxeberria.es\\\/wp-content\\\/uploads\\\/2021\\\/10\\\/cropped-Recurso-1.png\",\"contentUrl\":\"https:\\\/\\\/www.apartamentosetxeberria.es\\\/wp-content\\\/uploads\\\/2021\\\/10\\\/cropped-Recurso-1.png\",\"width\":237,\"height\":139,\"caption\":\"Apartamentos Etxeberria\"},\"image\":{\"@id\":\"https:\\\/\\\/www.apartamentosetxeberria.es\\\/#\\\/schema\\\/logo\\\/image\\\/\"}}]}<\/script>\n<!-- \/ Yoast SEO plugin. -->","yoast_head_json":{"title":"inicio - Apartamentos Etxeberria","robots":{"index":"index","follow":"follow","max-snippet":"max-snippet:-1","max-image-preview":"max-image-preview:large","max-video-preview":"max-video-preview:-1"},"canonical":"https:\/\/www.apartamentosetxeberria.es\/eus\/","og_locale":"en_US","og_type":"article","og_title":"inicio - Apartamentos Etxeberria","og_description":"Bienvenidos a Apartamentos Etxeberria Nuestros apartamentos est\u00e1n ubicados en un gran caser\u00f3n del a\u00f1o 1800 totalmente reformado y equipado con todo tipo de comodidades, uniendo tradici\u00f3n y modernidad, para lograr un alojamiento rural, confortable y acogedor.&nbsp;Los apartamentos est\u00e1n situados en el pueblo de Iraizotz, perteneciente al Valle de Ulzama. El Valle de Ultzama es un&hellip;&nbsp;Read More &raquo;inicio","og_url":"https:\/\/www.apartamentosetxeberria.es\/eus\/","og_site_name":"Apartamentos Etxeberria","article_modified_time":"2021-12-29T10:07:07+00:00","twitter_card":"summary_large_image","twitter_misc":{"Est. reading time":"1 minutua"},"schema":{"@context":"https:\/\/schema.org","@graph":[{"@type":"WebPage","@id":"https:\/\/www.apartamentosetxeberria.es\/","url":"https:\/\/www.apartamentosetxeberria.es\/","name":"inicio - Apartamentos Etxeberria","isPartOf":{"@id":"https:\/\/www.apartamentosetxeberria.es\/#website"},"datePublished":"2021-10-28T07:40:04+00:00","dateModified":"2021-12-29T10:07:07+00:00","breadcrumb":{"@id":"https:\/\/www.apartamentosetxeberria.es\/#breadcrumb"},"inLanguage":"eu","potentialAction":[{"@type":"ReadAction","target":["https:\/\/www.apartamentosetxeberria.es\/"]}]},{"@type":"BreadcrumbList","@id":"https:\/\/www.apartamentosetxeberria.es\/#breadcrumb","itemListElement":[{"@type":"ListItem","position":1,"name":"Portada","item":"https:\/\/www.apartamentosetxeberria.es\/"},{"@type":"ListItem","position":2,"name":"inicio"}]},{"@type":"WebSite","@id":"https:\/\/www.apartamentosetxeberria.es\/#website","url":"https:\/\/www.apartamentosetxeberria.es\/","name":"Apartamentos Etxeberria","description":"Alojamiento Rural","publisher":{"@id":"https:\/\/www.apartamentosetxeberria.es\/#organization"},"potentialAction":[{"@type":"SearchAction","target":{"@type":"EntryPoint","urlTemplate":"https:\/\/www.apartamentosetxeberria.es\/?s={search_term_string}"},"query-input":{"@type":"PropertyValueSpecification","valueRequired":true,"valueName":"search_term_string"}}],"inLanguage":"eu"},{"@type":"Organization","@id":"https:\/\/www.apartamentosetxeberria.es\/#organization","name":"Apartamentos Etxeberria","url":"https:\/\/www.apartamentosetxeberria.es\/","logo":{"@type":"ImageObject","inLanguage":"eu","@id":"https:\/\/www.apartamentosetxeberria.es\/#\/schema\/logo\/image\/","url":"https:\/\/www.apartamentosetxeberria.es\/wp-content\/uploads\/2021\/10\/cropped-Recurso-1.png","contentUrl":"https:\/\/www.apartamentosetxeberria.es\/wp-content\/uploads\/2021\/10\/cropped-Recurso-1.png","width":237,"height":139,"caption":"Apartamentos Etxeberria"},"image":{"@id":"https:\/\/www.apartamentosetxeberria.es\/#\/schema\/logo\/image\/"}}]}},"_links":{"self":[{"href":"https:\/\/www.apartamentosetxeberria.es\/eus\/wp-json\/wp\/v2\/pages\/1815","targetHints":{"allow":["GET"]}}],"collection":[{"href":"https:\/\/www.apartamentosetxeberria.es\/eus\/wp-json\/wp\/v2\/pages"}],"about":[{"href":"https:\/\/www.apartamentosetxeberria.es\/eus\/wp-json\/wp\/v2\/types\/page"}],"author":[{"embeddable":true,"href":"https:\/\/www.apartamentosetxeberria.es\/eus\/wp-json\/wp\/v2\/users\/1"}],"replies":[{"embeddable":true,"href":"https:\/\/www.apartamentosetxeberria.es\/eus\/wp-json\/wp\/v2\/comments?post=1815"}],"version-history":[{"count":25,"href":"https:\/\/www.apartamentosetxeberria.es\/eus\/wp-json\/wp\/v2\/pages\/1815\/revisions"}],"predecessor-version":[{"id":2028,"href":"https:\/\/www.apartamentosetxeberria.es\/eus\/wp-json\/wp\/v2\/pages\/1815\/revisions\/2028"}],"wp:attachment":[{"href":"https:\/\/www.apartamentosetxeberria.es\/eus\/wp-json\/wp\/v2\/media?parent=1815"}],"curies":[{"name":"wp","href":"https:\/\/api.w.org\/{rel}","templated":true}]}}